{"id":1054,"date":"2015-10-20T10:28:16","date_gmt":"2015-10-20T08:28:16","guid":{"rendered":"http:\/\/ki-ela-stories.de\/?page_id=1054"},"modified":"2015-10-20T10:28:16","modified_gmt":"2015-10-20T08:28:16","slug":"nellys-laecheln","status":"publish","type":"page","link":"http:\/\/ki-ela-stories.de\/?page_id=1054","title":{"rendered":"Nellys L\u00e4cheln"},"content":{"rendered":"<p><a href=\"http:\/\/ki-ela-stories.de\/wordpress\/wp-content\/uploads\/2015\/10\/Nellys-L\u00e4cheln-Cover.png\"><img loading=\"lazy\" decoding=\"async\" class=\"alignnone wp-image-1055 size-large\" src=\"http:\/\/ki-ela-stories.de\/wordpress\/wp-content\/uploads\/2015\/10\/Nellys-L\u00e4cheln-Cover-695x1024.png\" alt=\"Nellys L\u00e4cheln Cover\" width=\"660\" height=\"972\" srcset=\"http:\/\/ki-ela-stories.de\/wordpress\/wp-content\/uploads\/2015\/10\/Nellys-L\u00e4cheln-Cover-695x1024.png 695w, http:\/\/ki-ela-stories.de\/wordpress\/wp-content\/uploads\/2015\/10\/Nellys-L\u00e4cheln-Cover-204x300.png 204w, http:\/\/ki-ela-stories.de\/wordpress\/wp-content\/uploads\/2015\/10\/Nellys-L\u00e4cheln-Cover-900x1326.png 900w, http:\/\/ki-ela-stories.de\/wordpress\/wp-content\/uploads\/2015\/10\/Nellys-L\u00e4cheln-Cover.png 1482w\" sizes=\"auto, (max-width: 660px) 100vw, 660px\" \/><\/a><\/p>\n<p>&nbsp;<\/p>\n<p>Victoria k\u00e4mpft sich tapfer durchs Leben \u2013 und dieses hat es ihr bisher nicht leicht gemacht. Nach einem Verkehrsunfall blieb ein k\u00f6rperliches Handicap zur\u00fcck. Der Job in einem Caf\u00e9 sichert der alleinerziehenden Mutter und ihrer kleinen Tochter Nelly gerade so den Lebensunterhalt.<\/p>\n<p>Doch dann taucht der unfreundliche Schriftsteller Samuel Winter auf. Zu Victorias \u00dcberraschung bietet ausgerechnet er ihr einen gut bezahlten Job als Haush\u00e4lterin auf seinem Gutshof an.<\/p>\n<p>Ein Vorfall im Kindergarten zwingt Vic, ihre Tochter eine Zeit lang mit zur neuen Arbeitsstelle zu nehmen. Langsam, aber sicher gelingt es Nelly, das Herz von Samuel Winter zu erweichen, und Victoria bemerkt, dass viel mehr hinter seiner harten Schale steckt als gedacht \u2026<\/p>\n<p>&nbsp;<\/p>\n<p>Erh\u00e4ltlich bei <a href=\"http:\/\/www.amazon.de\/Nellys-L%C3%A4cheln-Ki-Ela-Stories-ebook\/dp\/B015QNSSYK\/ref=asap_bc?ie=UTF8\">Amazon<\/a><\/p>\n","protected":false},"excerpt":{"rendered":"<p>&nbsp; Victoria k\u00e4mpft sich tapfer durchs Leben \u2013 und dieses hat es ihr bisher nicht leicht gemacht. Nach einem Verkehrsunfall blieb ein k\u00f6rperliches Handicap zur\u00fcck. Der Job in einem Caf\u00e9 sichert der alleinerziehenden Mutter und ihrer kleinen Tochter Nelly gerade so den Lebensunterhalt. Doch dann taucht der unfreundliche Schriftsteller Samuel Winter auf. Zu Victorias \u00dcberraschung [&hellip;]<\/p>\n","protected":false},"author":1,"featured_media":0,"parent":0,"menu_order":0,"comment_status":"closed","ping_status":"closed","template":"","meta":{"footnotes":""},"class_list":["post-1054","page","type-page","status-publish","hentry"],"_links":{"self":[{"href":"http:\/\/ki-ela-stories.de\/index.php?rest_route=\/wp\/v2\/pages\/1054","targetHints":{"allow":["GET"]}}],"collection":[{"href":"http:\/\/ki-ela-stories.de\/index.php?rest_route=\/wp\/v2\/pages"}],"about":[{"href":"http:\/\/ki-ela-stories.de\/index.php?rest_route=\/wp\/v2\/types\/page"}],"author":[{"embeddable":true,"href":"http:\/\/ki-ela-stories.de\/index.php?rest_route=\/wp\/v2\/users\/1"}],"replies":[{"embeddable":true,"href":"http:\/\/ki-ela-stories.de\/index.php?rest_route=%2Fwp%2Fv2%2Fcomments&post=1054"}],"version-history":[{"count":1,"href":"http:\/\/ki-ela-stories.de\/index.php?rest_route=\/wp\/v2\/pages\/1054\/revisions"}],"predecessor-version":[{"id":1056,"href":"http:\/\/ki-ela-stories.de\/index.php?rest_route=\/wp\/v2\/pages\/1054\/revisions\/1056"}],"wp:attachment":[{"href":"http:\/\/ki-ela-stories.de\/index.php?rest_route=%2Fwp%2Fv2%2Fmedia&parent=1054"}],"curies":[{"name":"wp","href":"https:\/\/api.w.org\/{rel}","templated":true}]}}