{"id":129,"date":"2014-08-05T15:54:11","date_gmt":"2014-08-05T13:54:11","guid":{"rendered":"http:\/\/ki-ela-stories.de\/?page_id=129"},"modified":"2020-08-29T14:18:32","modified_gmt":"2020-08-29T12:18:32","slug":"mias-schatten","status":"publish","type":"page","link":"http:\/\/ki-ela-stories.de\/?page_id=129","title":{"rendered":"Mias Schatten"},"content":{"rendered":"<p><a href=\"http:\/\/ki-ela-stories.de\/wordpress\/wp-content\/uploads\/2014\/08\/Mias-Schatten.jpg\"><img loading=\"lazy\" decoding=\"async\" class=\"aligncenter wp-image-128 size-full\" src=\"http:\/\/ki-ela-stories.de\/wordpress\/wp-content\/uploads\/2014\/08\/Mias-Schatten.jpg\" alt=\"Mias Schatten\" width=\"489\" height=\"714\" srcset=\"http:\/\/ki-ela-stories.de\/wordpress\/wp-content\/uploads\/2014\/08\/Mias-Schatten.jpg 489w, http:\/\/ki-ela-stories.de\/wordpress\/wp-content\/uploads\/2014\/08\/Mias-Schatten-205x300.jpg 205w\" sizes=\"auto, (max-width: 489px) 100vw, 489px\" \/><\/a><\/p>\n<p>&nbsp;<\/p>\n<p>&nbsp;<\/p>\n<p><em>Dies ist die Geschichte von Mia und Levin \u2013 zwei ganz unterschiedlichen Menschen, deren Wege sich zuf\u00e4llig auf einer Autobahnrastst\u00e4tte kreuzen.<\/em><\/p>\n<p><em>Sie beschlie\u00dfen, einen Teil ihrer Reise gemeinsam zu begehen, und lernen sich immer besser kennen und schlie\u00dflich auch lieben. Doch Mias Vergangenheit holt sie pl\u00f6tzlich ein und der Kampf um ihre Liebe beginnt.<\/em><\/p>\n<p><em>\u00bbMias Schatten\u00ab wurde im Dezember 2013 unter dem Titel \u00bbSchattierungen von Wei\u00df\u00ab erstver\u00f6ffentlicht. Die lieferbare Ausgabe wurde neu lektoriert und gestaltet.<\/em><\/p>\n<p><em>Erh\u00e4ltlich bei <a title=\"Amazon\" href=\"http:\/\/www.amazon.de\/Mias-Schatten-Ki-Ela-Stories-ebook\/dp\/B00KYA8ZCQ\/ref=la_B00B7XYPZA_1_6?s=books&amp;ie=UTF8&amp;qid=1407245511&amp;sr=1-6\" target=\"_blank\" rel=\"noopener noreferrer\">Amazon<\/a>.<\/em><\/p>\n","protected":false},"excerpt":{"rendered":"<p>&nbsp; &nbsp; Dies ist die Geschichte von Mia und Levin \u2013 zwei ganz unterschiedlichen Menschen, deren Wege sich zuf\u00e4llig auf einer Autobahnrastst\u00e4tte kreuzen. Sie beschlie\u00dfen, einen Teil ihrer Reise gemeinsam zu begehen, und lernen sich immer besser kennen und schlie\u00dflich auch lieben. Doch Mias Vergangenheit holt sie pl\u00f6tzlich ein und der Kampf um ihre Liebe [&hellip;]<\/p>\n","protected":false},"author":1,"featured_media":0,"parent":0,"menu_order":0,"comment_status":"closed","ping_status":"open","template":"template-landing-page.php","meta":{"footnotes":""},"class_list":["post-129","page","type-page","status-publish","hentry"],"_links":{"self":[{"href":"http:\/\/ki-ela-stories.de\/index.php?rest_route=\/wp\/v2\/pages\/129","targetHints":{"allow":["GET"]}}],"collection":[{"href":"http:\/\/ki-ela-stories.de\/index.php?rest_route=\/wp\/v2\/pages"}],"about":[{"href":"http:\/\/ki-ela-stories.de\/index.php?rest_route=\/wp\/v2\/types\/page"}],"author":[{"embeddable":true,"href":"http:\/\/ki-ela-stories.de\/index.php?rest_route=\/wp\/v2\/users\/1"}],"replies":[{"embeddable":true,"href":"http:\/\/ki-ela-stories.de\/index.php?rest_route=%2Fwp%2Fv2%2Fcomments&post=129"}],"version-history":[{"count":3,"href":"http:\/\/ki-ela-stories.de\/index.php?rest_route=\/wp\/v2\/pages\/129\/revisions"}],"predecessor-version":[{"id":2230,"href":"http:\/\/ki-ela-stories.de\/index.php?rest_route=\/wp\/v2\/pages\/129\/revisions\/2230"}],"wp:attachment":[{"href":"http:\/\/ki-ela-stories.de\/index.php?rest_route=%2Fwp%2Fv2%2Fmedia&parent=129"}],"curies":[{"name":"wp","href":"https:\/\/api.w.org\/{rel}","templated":true}]}}