{"id":1525,"date":"2016-07-31T10:57:45","date_gmt":"2016-07-31T08:57:45","guid":{"rendered":"http:\/\/ki-ela-stories.de\/?page_id=1525"},"modified":"2016-08-01T15:20:51","modified_gmt":"2016-08-01T13:20:51","slug":"traumhochzeit","status":"publish","type":"page","link":"http:\/\/ki-ela-stories.de\/?page_id=1525","title":{"rendered":"Traumhochzeit"},"content":{"rendered":"<p>&nbsp;<\/p>\n<p><a href=\"http:\/\/ki-ela-stories.de\/wordpress\/wp-content\/uploads\/2016\/07\/traumhochzeit-ebook.jpg\"><img loading=\"lazy\" decoding=\"async\" class=\"aligncenter wp-image-1521 size-large\" src=\"http:\/\/ki-ela-stories.de\/wordpress\/wp-content\/uploads\/2016\/07\/traumhochzeit-ebook-672x1024.jpg\" alt=\"Pageflex Persona [document: PRS0000032_00042]\" width=\"660\" height=\"1006\" srcset=\"http:\/\/ki-ela-stories.de\/wordpress\/wp-content\/uploads\/2016\/07\/traumhochzeit-ebook-672x1024.jpg 672w, http:\/\/ki-ela-stories.de\/wordpress\/wp-content\/uploads\/2016\/07\/traumhochzeit-ebook-197x300.jpg 197w, http:\/\/ki-ela-stories.de\/wordpress\/wp-content\/uploads\/2016\/07\/traumhochzeit-ebook-768x1171.jpg 768w, http:\/\/ki-ela-stories.de\/wordpress\/wp-content\/uploads\/2016\/07\/traumhochzeit-ebook.jpg 1575w\" sizes=\"auto, (max-width: 660px) 100vw, 660px\" \/><\/a><\/p>\n<p>&nbsp;<\/p>\n<p><em>Hanna und Frederick sind so unterschiedlich, wie zwei Menschen nur sein k\u00f6nnen, und normalerweise w\u00fcrden sie sich auch nie begegnen.<\/em><br \/>\n<em> Und doch haben sie eine Gemeinsamkeit: Beide sind Erben von gro\u00dfen Firmen.<\/em><br \/>\n<em> Als Fredericks Existenz auf dem Spiel steht, weil seiner Firma die Pleite droht, bekommt er ein ungeheuerliches Angebot von Hannas Onkel: Er soll Hanna heiraten, im Gegenzug wird er seine Firma vor dem Ruin bewahren k\u00f6nnen.<\/em><br \/>\n<em> Zun\u00e4chst lehnt Frederick ab, aber schlie\u00dflich geht er doch auf das Angebot ein.<\/em><br \/>\n<em> Er und die scheue junge Frau werden ein Paar und m\u00fcssen sich mit dieser Ehe arrangieren.<\/em><br \/>\n<em> Doch wird diese Verbindung f\u00fcr die beiden gut ausgehen? K\u00f6nnen sie sich aufeinander einstellen oder wird alles in einer Katastrophe enden?<\/em><\/p>\n<p>Hier erh\u00e4ltlich: <a href=\"https:\/\/www.amazon.de\/Traumhochzeit-Ki-Ela-Stories-ebook\/dp\/B01JG0NFLK\/ref=sr_1_6?ie=UTF8&amp;qid=1470057470&amp;sr=8-6&amp;keywords=ki-ela+stories\">Amazon<\/a><\/p>\n<p>&nbsp;<\/p>\n","protected":false},"excerpt":{"rendered":"<p>&nbsp; &nbsp; Hanna und Frederick sind so unterschiedlich, wie zwei Menschen nur sein k\u00f6nnen, und normalerweise w\u00fcrden sie sich auch nie begegnen. Und doch haben sie eine Gemeinsamkeit: Beide sind Erben von gro\u00dfen Firmen. Als Fredericks Existenz auf dem Spiel steht, weil seiner Firma die Pleite droht, bekommt er ein ungeheuerliches Angebot von Hannas Onkel: [&hellip;]<\/p>\n","protected":false},"author":1,"featured_media":0,"parent":0,"menu_order":0,"comment_status":"closed","ping_status":"closed","template":"","meta":{"footnotes":""},"class_list":["post-1525","page","type-page","status-publish","hentry"],"_links":{"self":[{"href":"http:\/\/ki-ela-stories.de\/index.php?rest_route=\/wp\/v2\/pages\/1525","targetHints":{"allow":["GET"]}}],"collection":[{"href":"http:\/\/ki-ela-stories.de\/index.php?rest_route=\/wp\/v2\/pages"}],"about":[{"href":"http:\/\/ki-ela-stories.de\/index.php?rest_route=\/wp\/v2\/types\/page"}],"author":[{"embeddable":true,"href":"http:\/\/ki-ela-stories.de\/index.php?rest_route=\/wp\/v2\/users\/1"}],"replies":[{"embeddable":true,"href":"http:\/\/ki-ela-stories.de\/index.php?rest_route=%2Fwp%2Fv2%2Fcomments&post=1525"}],"version-history":[{"count":3,"href":"http:\/\/ki-ela-stories.de\/index.php?rest_route=\/wp\/v2\/pages\/1525\/revisions"}],"predecessor-version":[{"id":1541,"href":"http:\/\/ki-ela-stories.de\/index.php?rest_route=\/wp\/v2\/pages\/1525\/revisions\/1541"}],"wp:attachment":[{"href":"http:\/\/ki-ela-stories.de\/index.php?rest_route=%2Fwp%2Fv2%2Fmedia&parent=1525"}],"curies":[{"name":"wp","href":"https:\/\/api.w.org\/{rel}","templated":true}]}}