{"id":1529,"date":"2016-07-31T12:07:05","date_gmt":"2016-07-31T10:07:05","guid":{"rendered":"http:\/\/ki-ela-stories.de\/?page_id=1529"},"modified":"2016-07-31T12:33:37","modified_gmt":"2016-07-31T10:33:37","slug":"zwei-welten","status":"publish","type":"page","link":"http:\/\/ki-ela-stories.de\/?page_id=1529","title":{"rendered":"Zwei Welten"},"content":{"rendered":"<p><a href=\"http:\/\/ki-ela-stories.de\/wordpress\/wp-content\/uploads\/2014\/07\/Zwei-Welten-Ebook.jpg\"><img loading=\"lazy\" decoding=\"async\" class=\"aligncenter wp-image-1378 size-large\" src=\"http:\/\/ki-ela-stories.de\/wordpress\/wp-content\/uploads\/2014\/07\/Zwei-Welten-Ebook-640x1024.jpg\" alt=\"Zwei Welten Ebook\" width=\"640\" height=\"1024\" srcset=\"http:\/\/ki-ela-stories.de\/wordpress\/wp-content\/uploads\/2014\/07\/Zwei-Welten-Ebook-640x1024.jpg 640w, http:\/\/ki-ela-stories.de\/wordpress\/wp-content\/uploads\/2014\/07\/Zwei-Welten-Ebook-188x300.jpg 188w, http:\/\/ki-ela-stories.de\/wordpress\/wp-content\/uploads\/2014\/07\/Zwei-Welten-Ebook-768x1229.jpg 768w, http:\/\/ki-ela-stories.de\/wordpress\/wp-content\/uploads\/2014\/07\/Zwei-Welten-Ebook.jpg 2000w\" sizes=\"auto, (max-width: 640px) 100vw, 640px\" \/><\/a><\/p>\n<p><em>Franziska Bergmann ist die Tochter eines bekannten Sch\u00f6nheitschirurgen und f\u00fchrt dank des Verm\u00f6gens ihres Vaters ein beneidenswert leichtes Leben.<\/em><br \/>\n<em> Auch um ihre berufliche Laufbahn muss sie sich keine Sorgen machen, denn ihr Vater betraut sie mit einem verantwortungsvollen Job in der Verwaltung seiner Klinik.<\/em><br \/>\n<em> Alles l\u00e4uft in geregelten Bahnen &#8211; bis Jan in ihr Leben stolpert. Der passt mit seiner Art und seinem Lebensstil so gar nicht in Franziskas wohlbeh\u00fctete Welt &#8211; und doch fasziniert er sie. Obwohl er aus ganz anderen Kreisen kommt, f\u00fchlt sie sich immer mehr zu ihm hingezogen.<\/em><br \/>\n<em> Und noch etwas macht ihr zu schaffen: Jemand scheint ihr schaden zu wollen, denn pl\u00f6tzlich geschehen merkw\u00fcrdige Dinge in ihrem Umfeld.<\/em><br \/>\n<em> Und auf einmal ger\u00e4t Franziskas Leben v\u00f6llig aus den Fugen &#8230;<\/em><\/p>\n<p>Erh\u00e4ltlich bei <a href=\"https:\/\/www.amazon.de\/Zwei-Welten-Ki-Ela-Stories-ebook\/dp\/B01E06ZPYA\/ref=sr_1_3?ie=UTF8&amp;qid=1469961186&amp;sr=8-3&amp;keywords=ki-ela+stories\">Amazon<\/a> und allen gro\u00dfen Onlineplattformen!<\/p>\n<p>&nbsp;<\/p>\n","protected":false},"excerpt":{"rendered":"<p>Franziska Bergmann ist die Tochter eines bekannten Sch\u00f6nheitschirurgen und f\u00fchrt dank des Verm\u00f6gens ihres Vaters ein beneidenswert leichtes Leben. Auch um ihre berufliche Laufbahn muss sie sich keine Sorgen machen, denn ihr Vater betraut sie mit einem verantwortungsvollen Job in der Verwaltung seiner Klinik. Alles l\u00e4uft in geregelten Bahnen &#8211; bis Jan in ihr Leben [&hellip;]<\/p>\n","protected":false},"author":1,"featured_media":0,"parent":0,"menu_order":0,"comment_status":"closed","ping_status":"closed","template":"","meta":{"footnotes":""},"class_list":["post-1529","page","type-page","status-publish","hentry"],"_links":{"self":[{"href":"http:\/\/ki-ela-stories.de\/index.php?rest_route=\/wp\/v2\/pages\/1529","targetHints":{"allow":["GET"]}}],"collection":[{"href":"http:\/\/ki-ela-stories.de\/index.php?rest_route=\/wp\/v2\/pages"}],"about":[{"href":"http:\/\/ki-ela-stories.de\/index.php?rest_route=\/wp\/v2\/types\/page"}],"author":[{"embeddable":true,"href":"http:\/\/ki-ela-stories.de\/index.php?rest_route=\/wp\/v2\/users\/1"}],"replies":[{"embeddable":true,"href":"http:\/\/ki-ela-stories.de\/index.php?rest_route=%2Fwp%2Fv2%2Fcomments&post=1529"}],"version-history":[{"count":3,"href":"http:\/\/ki-ela-stories.de\/index.php?rest_route=\/wp\/v2\/pages\/1529\/revisions"}],"predecessor-version":[{"id":1538,"href":"http:\/\/ki-ela-stories.de\/index.php?rest_route=\/wp\/v2\/pages\/1529\/revisions\/1538"}],"wp:attachment":[{"href":"http:\/\/ki-ela-stories.de\/index.php?rest_route=%2Fwp%2Fv2%2Fmedia&parent=1529"}],"curies":[{"name":"wp","href":"https:\/\/api.w.org\/{rel}","templated":true}]}}