{"id":1888,"date":"2017-08-26T10:46:02","date_gmt":"2017-08-26T08:46:02","guid":{"rendered":"http:\/\/ki-ela-stories.de\/?page_id=1888"},"modified":"2017-08-26T10:46:02","modified_gmt":"2017-08-26T08:46:02","slug":"ceara-die-feuerroten-hexen","status":"publish","type":"page","link":"http:\/\/ki-ela-stories.de\/?page_id=1888","title":{"rendered":"Ceara &#8211; Die feuerroten Hexen"},"content":{"rendered":"<p><a href=\"http:\/\/ki-ela-stories.de\/wordpress\/wp-content\/uploads\/2014\/07\/Ceara-Ebook.jpg\"><img loading=\"lazy\" decoding=\"async\" class=\"aligncenter wp-image-1886 size-full\" src=\"http:\/\/ki-ela-stories.de\/wordpress\/wp-content\/uploads\/2014\/07\/Ceara-Ebook.jpg\" alt=\"\" width=\"1575\" height=\"2400\" srcset=\"http:\/\/ki-ela-stories.de\/wordpress\/wp-content\/uploads\/2014\/07\/Ceara-Ebook.jpg 1575w, http:\/\/ki-ela-stories.de\/wordpress\/wp-content\/uploads\/2014\/07\/Ceara-Ebook-197x300.jpg 197w, http:\/\/ki-ela-stories.de\/wordpress\/wp-content\/uploads\/2014\/07\/Ceara-Ebook-768x1170.jpg 768w, http:\/\/ki-ela-stories.de\/wordpress\/wp-content\/uploads\/2014\/07\/Ceara-Ebook-672x1024.jpg 672w\" sizes=\"auto, (max-width: 1575px) 100vw, 1575px\" \/><\/a><\/p>\n<p>&nbsp;<\/p>\n<p>Zachary Williams kann zufrieden mit sich sein. Er bewohnt ein schickes Penthouse in London und ist gerade dabei, eine steile Karriere in einer Immobilienfirma hinzulegen.<br \/>\nUnd so sieht er es auch als eine leichte Aufgabe an, als seine Chefs ihn nach Irland schicken, um sich nach einer repr\u00e4sentativen Burg f\u00fcr einen Hotelinvestor umzusehen. Schnell findet Zachary ein geeignetes Anwesen, doch leider macht ihm die st\u00f6rrische Besitzerin einen Strich durch die Rechnung. Denn Ceara \u00d3 Briain denkt gar nicht daran, ihm ihre Burg zu \u00fcberlassen, sondern stellt unmissverst\u00e4ndlich klar, dass er mit seinem Angebot nicht erw\u00fcnscht ist. Gefrustet macht sich Zachary auf den R\u00fcckweg, doch seltsame Geschehnisse und ein schweres Unwetter, zwingen ihn, zu Ceara zur\u00fcckzukehren.<br \/>\nWird die eigenwillige Burgherrin ihm Unterschlupf gew\u00e4hren? Und was wird noch in dieser st\u00fcrmischen Nacht passieren?<\/p>\n<p><em>\u203aCeara \u2013 Die feuerroten Hexen\u2039 ist eine weitere Geschichte um die Familie \u00d3 Briain. <\/em><br \/>\n<em>Der Roman kann unabh\u00e4ngig vom ersten Teil \u203aHeather \u2013 Die feuerroten Hexen\u2039 gelesen werden.<\/em><\/p>\n<p>&nbsp;<\/p>\n<p>Erh\u00e4ltlich bei <a href=\"https:\/\/www.amazon.de\/dp\/B0754MLVDK\/ref=sr_1_5?ie=UTF8&amp;qid=1503736558&amp;sr=8-5&amp;keywords=ki-ela+stories\">Amazon<\/a><\/p>\n<p>&nbsp;<\/p>\n<p>&nbsp;<\/p>\n<p>&nbsp;<\/p>\n","protected":false},"excerpt":{"rendered":"<p>&nbsp; Zachary Williams kann zufrieden mit sich sein. Er bewohnt ein schickes Penthouse in London und ist gerade dabei, eine steile Karriere in einer Immobilienfirma hinzulegen. Und so sieht er es auch als eine leichte Aufgabe an, als seine Chefs ihn nach Irland schicken, um sich nach einer repr\u00e4sentativen Burg f\u00fcr einen Hotelinvestor umzusehen. Schnell [&hellip;]<\/p>\n","protected":false},"author":1,"featured_media":0,"parent":0,"menu_order":0,"comment_status":"closed","ping_status":"closed","template":"","meta":{"footnotes":""},"class_list":["post-1888","page","type-page","status-publish","hentry"],"_links":{"self":[{"href":"http:\/\/ki-ela-stories.de\/index.php?rest_route=\/wp\/v2\/pages\/1888","targetHints":{"allow":["GET"]}}],"collection":[{"href":"http:\/\/ki-ela-stories.de\/index.php?rest_route=\/wp\/v2\/pages"}],"about":[{"href":"http:\/\/ki-ela-stories.de\/index.php?rest_route=\/wp\/v2\/types\/page"}],"author":[{"embeddable":true,"href":"http:\/\/ki-ela-stories.de\/index.php?rest_route=\/wp\/v2\/users\/1"}],"replies":[{"embeddable":true,"href":"http:\/\/ki-ela-stories.de\/index.php?rest_route=%2Fwp%2Fv2%2Fcomments&post=1888"}],"version-history":[{"count":2,"href":"http:\/\/ki-ela-stories.de\/index.php?rest_route=\/wp\/v2\/pages\/1888\/revisions"}],"predecessor-version":[{"id":1892,"href":"http:\/\/ki-ela-stories.de\/index.php?rest_route=\/wp\/v2\/pages\/1888\/revisions\/1892"}],"wp:attachment":[{"href":"http:\/\/ki-ela-stories.de\/index.php?rest_route=%2Fwp%2Fv2%2Fmedia&parent=1888"}],"curies":[{"name":"wp","href":"https:\/\/api.w.org\/{rel}","templated":true}]}}