{"id":2254,"date":"2021-03-06T14:35:37","date_gmt":"2021-03-06T12:35:37","guid":{"rendered":"http:\/\/ki-ela-stories.de\/?page_id=2254"},"modified":"2021-03-06T14:35:37","modified_gmt":"2021-03-06T12:35:37","slug":"verlobte-kuesst-man-nicht","status":"publish","type":"page","link":"http:\/\/ki-ela-stories.de\/?page_id=2254","title":{"rendered":"Verlobte k\u00fcsst man nicht"},"content":{"rendered":"\n<figure class=\"wp-block-image size-large\"><a href=\"http:\/\/ki-ela-stories.de\/wordpress\/wp-content\/uploads\/2021\/03\/Gross-Ebook-Verlobte-Kuesst-Man-Nicht-01-CK-scaled.jpg\"><img loading=\"lazy\" decoding=\"async\" width=\"673\" height=\"1024\" src=\"http:\/\/ki-ela-stories.de\/wordpress\/wp-content\/uploads\/2021\/03\/Gross-Ebook-Verlobte-Kuesst-Man-Nicht-01-CK-673x1024.jpg\" alt=\"\" class=\"wp-image-2252\" srcset=\"http:\/\/ki-ela-stories.de\/wordpress\/wp-content\/uploads\/2021\/03\/Gross-Ebook-Verlobte-Kuesst-Man-Nicht-01-CK-673x1024.jpg 673w, http:\/\/ki-ela-stories.de\/wordpress\/wp-content\/uploads\/2021\/03\/Gross-Ebook-Verlobte-Kuesst-Man-Nicht-01-CK-197x300.jpg 197w, http:\/\/ki-ela-stories.de\/wordpress\/wp-content\/uploads\/2021\/03\/Gross-Ebook-Verlobte-Kuesst-Man-Nicht-01-CK-768x1169.jpg 768w, http:\/\/ki-ela-stories.de\/wordpress\/wp-content\/uploads\/2021\/03\/Gross-Ebook-Verlobte-Kuesst-Man-Nicht-01-CK-1009x1536.jpg 1009w, http:\/\/ki-ela-stories.de\/wordpress\/wp-content\/uploads\/2021\/03\/Gross-Ebook-Verlobte-Kuesst-Man-Nicht-01-CK-1345x2048.jpg 1345w, http:\/\/ki-ela-stories.de\/wordpress\/wp-content\/uploads\/2021\/03\/Gross-Ebook-Verlobte-Kuesst-Man-Nicht-01-CK-scaled.jpg 1681w\" sizes=\"auto, (max-width: 673px) 100vw, 673px\" \/><\/a><\/figure>\n\n\n\n<p><\/p>\n\n\n\n<p><\/p>\n\n\n\n<p><em>Ellas Tag h\u00e4tte so perfekt werden k\u00f6nnen, wenn &#8230; ja, wenn da nicht ihre Eltern gewesen w\u00e4ren, die ihr beim gemeinsamen Fr\u00fchst\u00fcck den Schock ihres Lebens verpassen.<br>Ellas Vater hat beim Sch\u00fctzenfest aus einer Bierlaune heraus verk\u00fcndet, dass seine Tochter verlobt sei \u2013 und das auch noch in Gegenwart von der Erbtante Tilda, die daraufhin beschlie\u00dft, im Falle von Ellas Heirat ihre Finca an ihre Nichte zu \u00fcberschreiben.<br>Das Ganze hat nur einen Haken: Ella ist n\u00e4mlich nicht gar nicht verlobt und eigentlich will sie sich auch gar nicht auf diese L\u00fcge einlassen. Aber ihre Eltern bedr\u00e4ngen sie, sich auf das Spiel einzulassen und so stimmt sie ihnen zuliebe zu.<br>Nur bl\u00f6d, dass der ausgesuchte Scheinverlobte kurzfristig ausf\u00e4llt und durch einen dummen Zufall ausgerechnet Jonas Steffen einspringt \u2013 der Mann, in den Ella heimlich verliebt ist.<br>Als der Schwindel seinen Lauf nimmt, werden nicht nur Ellas Gewissensbisse immer gr\u00f6\u00dfer, sondern auch ihr Herz droht daran zu zerbrechen \u2026<\/em><\/p>\n\n\n\n<p>\u201eVerlobte k\u00fcsst man nicht\u201c wurde unter dem Namen \u201eSch\u00fctzenfest\u201c 2014 bei Facebook als Fortsetzungsgeschichte ver\u00f6ffentlicht und jetzt neu \u00fcberarbeitet.<br><br>Erh\u00e4ltlich bei <a href=\"https:\/\/www.amazon.de\/Verlobte-k\u00fcsst-nicht-Ki-Ela-Stories-ebook\/dp\/B08Y64PP44\/ref=sr_1_4?__mk_de_DE=\u00c5M\u00c5\u017d\u00d5\u00d1&amp;dchild=1&amp;keywords=ki-ela+stories&amp;qid=1615033634&amp;sr=8-4\" target=\"_blank\" rel=\"noreferrer noopener\">Amazon<\/a><\/p>\n","protected":false},"excerpt":{"rendered":"<p>Ellas Tag h\u00e4tte so perfekt werden k\u00f6nnen, wenn &#8230; ja, wenn da nicht ihre Eltern gewesen w\u00e4ren, die ihr beim gemeinsamen Fr\u00fchst\u00fcck den Schock ihres Lebens verpassen.Ellas Vater hat beim Sch\u00fctzenfest aus einer Bierlaune heraus verk\u00fcndet, dass seine Tochter verlobt sei \u2013 und das auch noch in Gegenwart von der Erbtante Tilda, die daraufhin beschlie\u00dft, [&hellip;]<\/p>\n","protected":false},"author":1,"featured_media":0,"parent":0,"menu_order":0,"comment_status":"closed","ping_status":"closed","template":"","meta":{"footnotes":""},"class_list":["post-2254","page","type-page","status-publish","hentry"],"_links":{"self":[{"href":"http:\/\/ki-ela-stories.de\/index.php?rest_route=\/wp\/v2\/pages\/2254","targetHints":{"allow":["GET"]}}],"collection":[{"href":"http:\/\/ki-ela-stories.de\/index.php?rest_route=\/wp\/v2\/pages"}],"about":[{"href":"http:\/\/ki-ela-stories.de\/index.php?rest_route=\/wp\/v2\/types\/page"}],"author":[{"embeddable":true,"href":"http:\/\/ki-ela-stories.de\/index.php?rest_route=\/wp\/v2\/users\/1"}],"replies":[{"embeddable":true,"href":"http:\/\/ki-ela-stories.de\/index.php?rest_route=%2Fwp%2Fv2%2Fcomments&post=2254"}],"version-history":[{"count":1,"href":"http:\/\/ki-ela-stories.de\/index.php?rest_route=\/wp\/v2\/pages\/2254\/revisions"}],"predecessor-version":[{"id":2255,"href":"http:\/\/ki-ela-stories.de\/index.php?rest_route=\/wp\/v2\/pages\/2254\/revisions\/2255"}],"wp:attachment":[{"href":"http:\/\/ki-ela-stories.de\/index.php?rest_route=%2Fwp%2Fv2%2Fmedia&parent=2254"}],"curies":[{"name":"wp","href":"https:\/\/api.w.org\/{rel}","templated":true}]}}