{"id":2300,"date":"2022-12-24T11:37:31","date_gmt":"2022-12-24T09:37:31","guid":{"rendered":"http:\/\/ki-ela-stories.de\/?page_id=2300"},"modified":"2022-12-24T11:37:31","modified_gmt":"2022-12-24T09:37:31","slug":"eine-zweite-chance","status":"publish","type":"page","link":"http:\/\/ki-ela-stories.de\/?page_id=2300","title":{"rendered":"Eine zweite Chance"},"content":{"rendered":"\n<p>F\u00fcr Isabell bricht eine Welt zusammen, als ihr Mann Jonny bei einem Autounfall ums Leben kommt. Wie soll es jetzt weitergehen, noch dazu, wo sie zwei kleine T\u00f6chter hat?<br>Ihre Familie und Freunde bitten sie, wieder zur\u00fcck in ihre Heimatstadt zu ziehen, doch Isabell hat gro\u00dfe Zweifel.<br>Einerseits ist das die Chance, alles hinter sich lassen zu k\u00f6nnen und einen Neuanfang zu starten.<br>Andererseits ist dort aber auch David, ein Mann, der in ihrer Vergangenheit eine gro\u00dfe Rolle gespielt hat und dem sie dann zwangsl\u00e4ufig wieder \u00fcber den Weg laufen wird.<br>Doch da ist auch noch eine kleine Helferin, die mit ihrem ganz eigenen Charme einiges dazu beitr\u00e4gt, dass Isabelles Leben eine neue Richtung nimmt.<\/p>\n\n\n\n<p>Erh\u00e4ltlich bei <a href=\"https:\/\/www.amazon.de\/dp\/B0BQZD5P6X\/ref=sr_1_5?__mk_de_DE=%C3%85M%C3%85%C5%BD%C3%95%C3%91&amp;keywords=ki-ela+stories&amp;qid=1671874471&amp;sr=8-5\">Amazon<\/a>.<\/p>\n\n\n\n<p><\/p>\n\n\n\n<figure class=\"wp-block-image size-large\"><a href=\"http:\/\/ki-ela-stories.de\/wordpress\/wp-content\/uploads\/2022\/12\/Gross-Eine-Zweite-Chance-Ebook-01-CK-scaled.jpg\"><img loading=\"lazy\" decoding=\"async\" width=\"671\" height=\"1024\" src=\"http:\/\/ki-ela-stories.de\/wordpress\/wp-content\/uploads\/2022\/12\/Gross-Eine-Zweite-Chance-Ebook-01-CK-671x1024.jpg\" alt=\"\" class=\"wp-image-2301\" srcset=\"http:\/\/ki-ela-stories.de\/wordpress\/wp-content\/uploads\/2022\/12\/Gross-Eine-Zweite-Chance-Ebook-01-CK-671x1024.jpg 671w, http:\/\/ki-ela-stories.de\/wordpress\/wp-content\/uploads\/2022\/12\/Gross-Eine-Zweite-Chance-Ebook-01-CK-197x300.jpg 197w, http:\/\/ki-ela-stories.de\/wordpress\/wp-content\/uploads\/2022\/12\/Gross-Eine-Zweite-Chance-Ebook-01-CK-768x1172.jpg 768w, http:\/\/ki-ela-stories.de\/wordpress\/wp-content\/uploads\/2022\/12\/Gross-Eine-Zweite-Chance-Ebook-01-CK-1007x1536.jpg 1007w, http:\/\/ki-ela-stories.de\/wordpress\/wp-content\/uploads\/2022\/12\/Gross-Eine-Zweite-Chance-Ebook-01-CK-1342x2048.jpg 1342w, http:\/\/ki-ela-stories.de\/wordpress\/wp-content\/uploads\/2022\/12\/Gross-Eine-Zweite-Chance-Ebook-01-CK-scaled.jpg 1678w\" sizes=\"auto, (max-width: 671px) 100vw, 671px\" \/><\/a><\/figure>\n","protected":false},"excerpt":{"rendered":"<p>F\u00fcr Isabell bricht eine Welt zusammen, als ihr Mann Jonny bei einem Autounfall ums Leben kommt. Wie soll es jetzt weitergehen, noch dazu, wo sie zwei kleine T\u00f6chter hat?Ihre Familie und Freunde bitten sie, wieder zur\u00fcck in ihre Heimatstadt zu ziehen, doch Isabell hat gro\u00dfe Zweifel.Einerseits ist das die Chance, alles hinter sich lassen zu [&hellip;]<\/p>\n","protected":false},"author":1,"featured_media":0,"parent":0,"menu_order":0,"comment_status":"closed","ping_status":"closed","template":"","meta":{"footnotes":""},"class_list":["post-2300","page","type-page","status-publish","hentry"],"_links":{"self":[{"href":"http:\/\/ki-ela-stories.de\/index.php?rest_route=\/wp\/v2\/pages\/2300","targetHints":{"allow":["GET"]}}],"collection":[{"href":"http:\/\/ki-ela-stories.de\/index.php?rest_route=\/wp\/v2\/pages"}],"about":[{"href":"http:\/\/ki-ela-stories.de\/index.php?rest_route=\/wp\/v2\/types\/page"}],"author":[{"embeddable":true,"href":"http:\/\/ki-ela-stories.de\/index.php?rest_route=\/wp\/v2\/users\/1"}],"replies":[{"embeddable":true,"href":"http:\/\/ki-ela-stories.de\/index.php?rest_route=%2Fwp%2Fv2%2Fcomments&post=2300"}],"version-history":[{"count":1,"href":"http:\/\/ki-ela-stories.de\/index.php?rest_route=\/wp\/v2\/pages\/2300\/revisions"}],"predecessor-version":[{"id":2302,"href":"http:\/\/ki-ela-stories.de\/index.php?rest_route=\/wp\/v2\/pages\/2300\/revisions\/2302"}],"wp:attachment":[{"href":"http:\/\/ki-ela-stories.de\/index.php?rest_route=%2Fwp%2Fv2%2Fmedia&parent=2300"}],"curies":[{"name":"wp","href":"https:\/\/api.w.org\/{rel}","templated":true}]}}