{"id":2318,"date":"2023-12-21T20:07:36","date_gmt":"2023-12-21T18:07:36","guid":{"rendered":"http:\/\/ki-ela-stories.de\/?page_id=2318"},"modified":"2023-12-21T20:07:36","modified_gmt":"2023-12-21T18:07:36","slug":"aus-allen-wolken","status":"publish","type":"page","link":"http:\/\/ki-ela-stories.de\/?page_id=2318","title":{"rendered":"Aus allen Wolken"},"content":{"rendered":"\n<p>Eigentlich hatte sich Elias nach einer Dienstreise nur ein paar freie Tage in Calgary g\u00f6nnen wollen, doch es geschieht etwas, was er in seinen k\u00fchnsten Tr\u00e4umen nie erwartet h\u00e4tte: Die Maschine st\u00fcrzt \u00fcber den Rocky Mountains ab und nur Elias und eine junge Frau \u00fcberleben die Katastrophe. Wie durch ein Wunder k\u00f6nnen sie aus dem Wrack klettern und \u00fcberleben eine Nacht in der freien Wildnis.<br>Nach ihrer Rettung freunden sich Elias und die ebenfalls gerettete Lara an, umso geschockter ist Elias, als er erf\u00e4hrt, dass sie zu ihrem Mann zur\u00fcckgekehrt ist, den sie gerade erst verlassen hatte.<br>In M\u00fcnchen treffen sich die beiden wieder und sofort ist diese gro\u00dfe Sympathie f\u00fcreinander wieder da. Werden sie die Freundschaft wieder aufleben lassen k\u00f6nnen \u2013 oder wird vielleicht sogar mehr daraus?<br><br>Erh\u00e4ltlich bei <a href=\"https:\/\/www.amazon.de\/dp\/B0CQRCXTYQ?fbclid=IwAR3HBYPW8s2sHd8xq7ww7Jw6WyNaffyCOIL0LE6qZGZEJQjYMXAyJmv-Egk\">Amazon<\/a>. <\/p>\n\n\n\n<figure class=\"wp-block-image size-large\"><a href=\"http:\/\/ki-ela-stories.de\/wordpress\/wp-content\/uploads\/2023\/12\/Aus-allen-Wolken-U1.jpg\"><img loading=\"lazy\" decoding=\"async\" width=\"672\" height=\"1024\" src=\"http:\/\/ki-ela-stories.de\/wordpress\/wp-content\/uploads\/2023\/12\/Aus-allen-Wolken-U1-672x1024.jpg\" alt=\"\" class=\"wp-image-2319\" srcset=\"http:\/\/ki-ela-stories.de\/wordpress\/wp-content\/uploads\/2023\/12\/Aus-allen-Wolken-U1-672x1024.jpg 672w, http:\/\/ki-ela-stories.de\/wordpress\/wp-content\/uploads\/2023\/12\/Aus-allen-Wolken-U1-197x300.jpg 197w, http:\/\/ki-ela-stories.de\/wordpress\/wp-content\/uploads\/2023\/12\/Aus-allen-Wolken-U1-768x1171.jpg 768w, http:\/\/ki-ela-stories.de\/wordpress\/wp-content\/uploads\/2023\/12\/Aus-allen-Wolken-U1-1008x1536.jpg 1008w, http:\/\/ki-ela-stories.de\/wordpress\/wp-content\/uploads\/2023\/12\/Aus-allen-Wolken-U1-1343x2048.jpg 1343w, http:\/\/ki-ela-stories.de\/wordpress\/wp-content\/uploads\/2023\/12\/Aus-allen-Wolken-U1.jpg 1573w\" sizes=\"auto, (max-width: 672px) 100vw, 672px\" \/><\/a><\/figure>\n","protected":false},"excerpt":{"rendered":"<p>Eigentlich hatte sich Elias nach einer Dienstreise nur ein paar freie Tage in Calgary g\u00f6nnen wollen, doch es geschieht etwas, was er in seinen k\u00fchnsten Tr\u00e4umen nie erwartet h\u00e4tte: Die Maschine st\u00fcrzt \u00fcber den Rocky Mountains ab und nur Elias und eine junge Frau \u00fcberleben die Katastrophe. Wie durch ein Wunder k\u00f6nnen sie aus dem [&hellip;]<\/p>\n","protected":false},"author":1,"featured_media":0,"parent":0,"menu_order":0,"comment_status":"closed","ping_status":"closed","template":"","meta":{"footnotes":""},"class_list":["post-2318","page","type-page","status-publish","hentry"],"_links":{"self":[{"href":"http:\/\/ki-ela-stories.de\/index.php?rest_route=\/wp\/v2\/pages\/2318","targetHints":{"allow":["GET"]}}],"collection":[{"href":"http:\/\/ki-ela-stories.de\/index.php?rest_route=\/wp\/v2\/pages"}],"about":[{"href":"http:\/\/ki-ela-stories.de\/index.php?rest_route=\/wp\/v2\/types\/page"}],"author":[{"embeddable":true,"href":"http:\/\/ki-ela-stories.de\/index.php?rest_route=\/wp\/v2\/users\/1"}],"replies":[{"embeddable":true,"href":"http:\/\/ki-ela-stories.de\/index.php?rest_route=%2Fwp%2Fv2%2Fcomments&post=2318"}],"version-history":[{"count":1,"href":"http:\/\/ki-ela-stories.de\/index.php?rest_route=\/wp\/v2\/pages\/2318\/revisions"}],"predecessor-version":[{"id":2320,"href":"http:\/\/ki-ela-stories.de\/index.php?rest_route=\/wp\/v2\/pages\/2318\/revisions\/2320"}],"wp:attachment":[{"href":"http:\/\/ki-ela-stories.de\/index.php?rest_route=%2Fwp%2Fv2%2Fmedia&parent=2318"}],"curies":[{"name":"wp","href":"https:\/\/api.w.org\/{rel}","templated":true}]}}