{"id":444,"date":"2014-11-27T10:11:13","date_gmt":"2014-11-27T08:11:13","guid":{"rendered":"http:\/\/ki-ela-stories.de\/?page_id=444"},"modified":"2020-08-29T14:16:37","modified_gmt":"2020-08-29T12:16:37","slug":"herzensentscheidung","status":"publish","type":"page","link":"http:\/\/ki-ela-stories.de\/?page_id=444","title":{"rendered":"Herzensentscheidung"},"content":{"rendered":"<p><a href=\"http:\/\/ki-ela-stories.de\/wordpress\/wp-content\/uploads\/2014\/11\/herzensentscheidung2-neobooks.jpg\"><img loading=\"lazy\" decoding=\"async\" class=\"aligncenter wp-image-449 size-large\" src=\"http:\/\/ki-ela-stories.de\/wordpress\/wp-content\/uploads\/2014\/11\/herzensentscheidung2-neobooks-640x1024.jpg\" alt=\"herzensentscheidung2 - neobooks\" width=\"640\" height=\"1024\" srcset=\"http:\/\/ki-ela-stories.de\/wordpress\/wp-content\/uploads\/2014\/11\/herzensentscheidung2-neobooks-640x1024.jpg 640w, http:\/\/ki-ela-stories.de\/wordpress\/wp-content\/uploads\/2014\/11\/herzensentscheidung2-neobooks-187x300.jpg 187w, http:\/\/ki-ela-stories.de\/wordpress\/wp-content\/uploads\/2014\/11\/herzensentscheidung2-neobooks-810x1295.jpg 810w, http:\/\/ki-ela-stories.de\/wordpress\/wp-content\/uploads\/2014\/11\/herzensentscheidung2-neobooks-900x1439.jpg 900w, http:\/\/ki-ela-stories.de\/wordpress\/wp-content\/uploads\/2014\/11\/herzensentscheidung2-neobooks.jpg 1404w\" sizes=\"auto, (max-width: 640px) 100vw, 640px\" \/><\/a><\/p>\n<p>&nbsp;<\/p>\n<p>&nbsp;<\/p>\n<p><em>Die junge Krankenschwester Lilly ist mit ihrem besten Freund Benjamin, den sie liebevoll nur Bienchen nennt, in eine andere Stadt gezogen.<br \/>\nSie beginnt eine Stelle in einem Krankenhaus, dort angekommen wird sie von einer Kollegin vor dem charmanten Oberarzt Dr. Simon Stegmann gewarnt, dessen Frauenverschlei\u00df legend\u00e4r ist.<br \/>\nDoch Lilly hat einen eisernen Vorsatz, den sie auch nicht zu brechen gedenkt: Don&#8217;t fuck in the Factory. Sie beschlie\u00dft, sich gegen die Verf\u00fchrungsk\u00fcnste des Arztes zu wappnen.<br \/>\nKaum hat sie den neuen Job begonnen, ger\u00e4t sie aber immer wieder mit Simon Stegmann aneinander und erregt damit sein Interesse. Er beginnt mit ihr zu flirten und wickelt sie immer mehr um den Finger. Lilly str\u00e4ubt sich zun\u00e4chst dagegen, aber schlie\u00dflich geht sie auf sein Werben ein.<br \/>\nDoch wird sie mehr f\u00fcr ihn sein, als eine kurze Aff\u00e4re?<\/em><\/p>\n<p><em>Erh\u00e4ltlich bei <a title=\"Amazon\" href=\"http:\/\/www.amazon.de\/Herzensentscheidung-Ki-Ela-Stories-ebook\/dp\/B00Q3EW26C\/ref=sr_1_7?s=books&amp;ie=UTF8&amp;qid=1417075425&amp;sr=1-7\" target=\"_blank\" rel=\"noopener noreferrer\">Amazon<\/a> und <a title=\"neobooks\" href=\"http:\/\/www.neobooks.com\/werk\/39426-herzensentscheidung.html\" target=\"_blank\" rel=\"noopener noreferrer\">neobooks<\/a><\/em><\/p>\n","protected":false},"excerpt":{"rendered":"<p>&nbsp; &nbsp; Die junge Krankenschwester Lilly ist mit ihrem besten Freund Benjamin, den sie liebevoll nur Bienchen nennt, in eine andere Stadt gezogen. Sie beginnt eine Stelle in einem Krankenhaus, dort angekommen wird sie von einer Kollegin vor dem charmanten Oberarzt Dr. Simon Stegmann gewarnt, dessen Frauenverschlei\u00df legend\u00e4r ist. Doch Lilly hat einen eisernen Vorsatz, [&hellip;]<\/p>\n","protected":false},"author":1,"featured_media":0,"parent":81,"menu_order":0,"comment_status":"closed","ping_status":"open","template":"template-landing-page.php","meta":{"footnotes":""},"class_list":["post-444","page","type-page","status-publish","hentry"],"_links":{"self":[{"href":"http:\/\/ki-ela-stories.de\/index.php?rest_route=\/wp\/v2\/pages\/444","targetHints":{"allow":["GET"]}}],"collection":[{"href":"http:\/\/ki-ela-stories.de\/index.php?rest_route=\/wp\/v2\/pages"}],"about":[{"href":"http:\/\/ki-ela-stories.de\/index.php?rest_route=\/wp\/v2\/types\/page"}],"author":[{"embeddable":true,"href":"http:\/\/ki-ela-stories.de\/index.php?rest_route=\/wp\/v2\/users\/1"}],"replies":[{"embeddable":true,"href":"http:\/\/ki-ela-stories.de\/index.php?rest_route=%2Fwp%2Fv2%2Fcomments&post=444"}],"version-history":[{"count":8,"href":"http:\/\/ki-ela-stories.de\/index.php?rest_route=\/wp\/v2\/pages\/444\/revisions"}],"predecessor-version":[{"id":2227,"href":"http:\/\/ki-ela-stories.de\/index.php?rest_route=\/wp\/v2\/pages\/444\/revisions\/2227"}],"up":[{"embeddable":true,"href":"http:\/\/ki-ela-stories.de\/index.php?rest_route=\/wp\/v2\/pages\/81"}],"wp:attachment":[{"href":"http:\/\/ki-ela-stories.de\/index.php?rest_route=%2Fwp%2Fv2%2Fmedia&parent=444"}],"curies":[{"name":"wp","href":"https:\/\/api.w.org\/{rel}","templated":true}]}}